{"id":311,"date":"2025-12-29T17:27:14","date_gmt":"2025-12-29T16:27:14","guid":{"rendered":"https:\/\/patenmat.com\/index.php\/behind-the-scenes\/"},"modified":"2026-01-14T20:26:24","modified_gmt":"2026-01-14T19:26:24","slug":"behind-the-scenes","status":"publish","type":"page","link":"https:\/\/patenmat.com\/index.php\/behind-the-scenes\/","title":{"rendered":"Behind the scenes"},"content":{"rendered":"\n<main id=\"services\" class=\"wp-block-group has-secondary-background-color has-background has-global-padding is-layout-constrained wp-block-group-is-layout-constrained\" style=\"padding-top:63px;padding-bottom:0px\">\n<div class=\"wp-block-columns is-layout-flex wp-container-core-columns-is-layout-28f84493 wp-block-columns-is-layout-flex\">\n<div class=\"wp-block-column is-layout-flow wp-block-column-is-layout-flow\">\n<p class=\"has-text-align-center has-background-color has-text-color has-link-color wp-elements-76e82ea57d69668e5e1b25b98ccda75d\">Het maken van Buurman en Buurman is een nauwkeurig en tijdrovend proces. De serie wordt volledig gerealiseerd met <strong>stopmotion-animatie<\/strong> \u2013 een techniek waarbij stilstaande poppetjes telkens een fractie worden verplaatst en na elke verplaatsing een foto wordt gemaakt. Gemiddeld zijn er 23 tot 24 foto\u2019s nodig voor \u00e9\u00e9n seconde film, die samen de vloeiende beweging vormen die je op het scherm ziet.<\/p>\n\n\n\n<p class=\"has-text-align-center has-background-color has-text-color has-link-color wp-elements-456f6c40b065f579ac207923f8347941\">Deze werkwijze vraagt om uiterste precisie en veel geduld: elke kleine handbeweging, blikrichting of plooi in de kleding moet exact kloppen om de illusie van leven te behouden. Juist die toewijding en aandacht voor detail geven Buurman en Buurman zijn herkenbare charme.<\/p>\n\n\n\n<p class=\"has-text-align-center has-background-color has-text-color has-link-color wp-elements-bfa9da337a70a5b31f4af0b126fddaf0\">De productie van de 39 nieuwe afleveringen nam bijna twee jaar in beslag.<\/p>\n\n\n<\/div>\n<\/div>\n\n\n\n<div class=\"wp-block-columns is-layout-flex wp-container-core-columns-is-layout-61ade9ab wp-block-columns-is-layout-flex\" style=\"margin-top:80px;padding-top:0;padding-right:0;padding-bottom:0;padding-left:0\">\n<div class=\"wp-block-column is-vertically-aligned-center is-layout-flow wp-block-column-is-layout-flow\">\n<figure class=\"wp-block-gallery aligncenter has-nested-images columns-default is-cropped wp-block-gallery-1 is-layout-flex wp-block-gallery-is-layout-flex\">\n<figure class=\"wp-block-image size-full\"><img loading=\"lazy\" decoding=\"async\" width=\"1771\" height=\"1170\" data-id=\"235\" src=\"https:\/\/patenmat.com\/wp-content\/uploads\/2025\/12\/studio-4.jpg\" alt=\"\" class=\"wp-image-235\" style=\"object-fit:cover\" srcset=\"https:\/\/patenmat.com\/wp-content\/uploads\/2025\/12\/studio-4.jpg 1771w, https:\/\/patenmat.com\/wp-content\/uploads\/2025\/12\/studio-4-300x198.jpg 300w, https:\/\/patenmat.com\/wp-content\/uploads\/2025\/12\/studio-4-1024x676.jpg 1024w, https:\/\/patenmat.com\/wp-content\/uploads\/2025\/12\/studio-4-768x507.jpg 768w, https:\/\/patenmat.com\/wp-content\/uploads\/2025\/12\/studio-4-1536x1015.jpg 1536w\" sizes=\"auto, (max-width: 1771px) 100vw, 1771px\" \/><\/figure>\n<\/figure>\n<\/div>\n\n\n\n<div class=\"wp-block-column is-vertically-aligned-stretch has-background-background-color has-background is-layout-flow wp-block-column-is-layout-flow\" style=\"padding-top:60px;padding-right:0;padding-bottom:60px;padding-left:0\">\n<h3 class=\"wp-block-heading has-text-align-center has-custom-black-color has-text-color has-link-color has-inter-font-family wp-elements-761574ac83192c815bd567f56a854469\" style=\"padding-right:10px;padding-left:10px;font-size:clamp(22.041px, 1.378rem + ((1vw - 3.2px) * 1.235), 36px);font-style:normal;font-weight:600;line-height:1.23\">Blue Screen<\/h3>\n\n\n\n<p class=\"has-text-align-center has-inter-font-family\" style=\"padding-top:20px;padding-right:10px;padding-left:10px;font-size:clamp(14px, 0.875rem + ((1vw - 3.2px) * 0.177), 16px);line-height:1.5\">Dankzij het blauwe scherm op de achterwand van de studio kan de lucht in de nabewerking worden aangepast of vervangen. Het huis is volledig op schaal gebouwd, waardoor alle sc\u00e8nes rondom en voor het huis realistisch kunnen worden opgenomen.<\/p>\n<\/div>\n<\/div>\n\n\n\n<div class=\"wp-block-columns is-layout-flex wp-container-core-columns-is-layout-de4f544a wp-block-columns-is-layout-flex\" style=\"margin-top:0px;padding-top:0;padding-right:0;padding-bottom:0;padding-left:0\">\n<div class=\"wp-block-column has-background-background-color has-background is-layout-flow wp-block-column-is-layout-flow\" style=\"padding-top:var(--wp--preset--spacing--large);padding-bottom:var(--wp--preset--spacing--large)\">\n<h3 class=\"wp-block-heading has-text-align-center has-custom-black-color has-text-color has-link-color has-inter-font-family wp-elements-7aa75e51547f21442626f3e7fce99239\" style=\"padding-right:10px;padding-left:10px;font-size:clamp(22.041px, 1.378rem + ((1vw - 3.2px) * 1.235), 36px);font-style:normal;font-weight:600;line-height:1.23\">Container en afval <\/h3>\n\n\n\n<p class=\"has-text-align-center\">Kleine blikjes en ander afval worden met de hand en op schaal nagemaakt. In de studio is een complete ruimte ingericht als <strong>\u2018propskamer\u2019<\/strong>, waar alle items worden bewaard &#8211; van afval tot aan de iconische groene MG.<\/p>\n<\/div>\n\n\n\n<div class=\"wp-block-column is-vertically-aligned-center is-layout-flow wp-block-column-is-layout-flow\">\n<figure class=\"wp-block-image size-large\"><img loading=\"lazy\" decoding=\"async\" width=\"1024\" height=\"683\" src=\"https:\/\/patenmat.com\/wp-content\/uploads\/2025\/12\/BlackIce17-1-1024x683.jpg\" alt=\"\" class=\"wp-image-95\" srcset=\"https:\/\/patenmat.com\/wp-content\/uploads\/2025\/12\/BlackIce17-1-1024x683.jpg 1024w, https:\/\/patenmat.com\/wp-content\/uploads\/2025\/12\/BlackIce17-1-300x200.jpg 300w, https:\/\/patenmat.com\/wp-content\/uploads\/2025\/12\/BlackIce17-1-768x512.jpg 768w, https:\/\/patenmat.com\/wp-content\/uploads\/2025\/12\/BlackIce17-1-1536x1024.jpg 1536w, https:\/\/patenmat.com\/wp-content\/uploads\/2025\/12\/BlackIce17-1-2048x1365.jpg 2048w\" sizes=\"auto, (max-width: 1024px) 100vw, 1024px\" \/><\/figure>\n<\/div>\n<\/div>\n\n\n\n<div class=\"wp-block-columns is-layout-flex wp-container-core-columns-is-layout-de4f544a wp-block-columns-is-layout-flex\" style=\"margin-top:0px;padding-top:0;padding-right:0;padding-bottom:0;padding-left:0\">\n<div class=\"wp-block-column is-vertically-aligned-center is-layout-flow wp-block-column-is-layout-flow\">\n<figure class=\"wp-block-image size-full\"><img loading=\"lazy\" decoding=\"async\" width=\"2560\" height=\"1920\" src=\"https:\/\/patenmat.com\/wp-content\/uploads\/2026\/01\/20190222_021636683_iOS-kopie-1-scaled.jpg\" alt=\"\" class=\"wp-image-447\" srcset=\"https:\/\/patenmat.com\/wp-content\/uploads\/2026\/01\/20190222_021636683_iOS-kopie-1-scaled.jpg 2560w, https:\/\/patenmat.com\/wp-content\/uploads\/2026\/01\/20190222_021636683_iOS-kopie-1-300x225.jpg 300w, https:\/\/patenmat.com\/wp-content\/uploads\/2026\/01\/20190222_021636683_iOS-kopie-1-1024x768.jpg 1024w, https:\/\/patenmat.com\/wp-content\/uploads\/2026\/01\/20190222_021636683_iOS-kopie-1-2000x1500.jpg 2000w\" sizes=\"auto, (max-width: 2560px) 100vw, 2560px\" \/><\/figure>\n<\/div>\n\n\n\n<div class=\"wp-block-column has-background-background-color has-background is-layout-flow wp-block-column-is-layout-flow\" style=\"padding-top:60px;padding-bottom:60px\">\n<h3 class=\"wp-block-heading has-text-align-center has-custom-black-color has-text-color has-link-color has-inter-font-family wp-elements-6521b744a7f3808a00c691a515300ef2\" style=\"padding-right:10px;padding-left:10px;font-size:clamp(22.041px, 1.378rem + ((1vw - 3.2px) * 1.235), 36px);font-style:normal;font-weight:600;line-height:1.23\">Precisie<\/h3>\n\n\n\n<p class=\"has-text-align-center has-inter-font-family\" style=\"padding-top:20px;padding-right:10px;padding-left:10px;font-size:clamp(14px, 0.875rem + ((1vw - 3.2px) * 0.177), 16px);line-height:1.5\">Met een pincet worden de kledingstukken van \u00e9\u00e9n van de buurmannen zorgvuldig bijgewerkt voor de volgende sc\u00e8ne. Elk plooitje, knoopje en stukje stof moet precies goed zitten, zodat de overgang tussen de frames naadloos blijft. Zelfs de kleinste verschuiving in de stof kan het verschil maken tussen een vloeiende beweging en een storend beeld.<\/p>\n<\/div>\n<\/div>\n\n\n\n<figure class=\"wp-block-gallery has-nested-images columns-default is-cropped wp-block-gallery-2 is-layout-flex wp-block-gallery-is-layout-flex\">\n<figure class=\"wp-block-image size-full\"><img loading=\"lazy\" decoding=\"async\" width=\"1011\" height=\"1347\" data-id=\"448\" src=\"https:\/\/patenmat.com\/wp-content\/uploads\/2026\/01\/IMG_0407.jpg\" alt=\"\" class=\"wp-image-448\" srcset=\"https:\/\/patenmat.com\/wp-content\/uploads\/2026\/01\/IMG_0407.jpg 1011w, https:\/\/patenmat.com\/wp-content\/uploads\/2026\/01\/IMG_0407-225x300.jpg 225w, https:\/\/patenmat.com\/wp-content\/uploads\/2026\/01\/IMG_0407-769x1024.jpg 769w\" sizes=\"auto, (max-width: 1011px) 100vw, 1011px\" \/><\/figure>\n\n\n\n<figure class=\"wp-block-image size-full\"><img loading=\"lazy\" decoding=\"async\" width=\"1033\" height=\"1168\" data-id=\"487\" src=\"https:\/\/patenmat.com\/wp-content\/uploads\/2026\/01\/stduio2-1-edited-1.jpg\" alt=\"\" class=\"wp-image-487\" srcset=\"https:\/\/patenmat.com\/wp-content\/uploads\/2026\/01\/stduio2-1-edited-1.jpg 1033w, https:\/\/patenmat.com\/wp-content\/uploads\/2026\/01\/stduio2-1-edited-1-265x300.jpg 265w, https:\/\/patenmat.com\/wp-content\/uploads\/2026\/01\/stduio2-1-edited-1-906x1024.jpg 906w\" sizes=\"auto, (max-width: 1033px) 100vw, 1033px\" \/><\/figure>\n<\/figure>\n\n\n\n<div class=\"wp-block-media-text is-stacked-on-mobile\" style=\"grid-template-columns:41% auto\"><figure class=\"wp-block-media-text__media\"><img loading=\"lazy\" decoding=\"async\" width=\"768\" height=\"1024\" src=\"https:\/\/patenmat.com\/wp-content\/uploads\/2026\/01\/inspreekstudio-1-768x1024.jpg\" alt=\"\" class=\"wp-image-511 size-full\" srcset=\"https:\/\/patenmat.com\/wp-content\/uploads\/2026\/01\/inspreekstudio-1-768x1024.jpg 768w, https:\/\/patenmat.com\/wp-content\/uploads\/2026\/01\/inspreekstudio-1-225x300.jpg 225w, https:\/\/patenmat.com\/wp-content\/uploads\/2026\/01\/inspreekstudio-1.jpg 1200w\" sizes=\"auto, (max-width: 768px) 100vw, 768px\" \/><\/figure><div class=\"wp-block-media-text__content\">\n<p class=\"has-text-align-center has-white-color has-text-color has-link-color wp-elements-2e4d98595bfb194339c8b00c70cc69c9\"><strong>VOICE OVERS <\/strong><\/p>\n\n\n\n<p class=\"has-background-color has-text-color has-link-color wp-elements-40553c3ef32c6bfc0d61c7e9f4b9d29f\">In de studio worden de stemmen ingesproken. Dit wordt gedaan door stemacteurs. Er wordt niet gewerkt volgens een script aangezien de serie niet is gemaakt om te worden vertoond met stemmen. De stemmen spreken dus in zonder een script en de teksten worden bedacht terwijl de acteurs de serie bekijken.<\/p>\n\n\n\n<figure class=\"wp-block-image size-large\"><img loading=\"lazy\" decoding=\"async\" width=\"1024\" height=\"768\" src=\"https:\/\/patenmat.com\/wp-content\/uploads\/2026\/01\/editing-2-audience-1024x768.jpg\" alt=\"\" class=\"wp-image-509\" srcset=\"https:\/\/patenmat.com\/wp-content\/uploads\/2026\/01\/editing-2-audience-1024x768.jpg 1024w, https:\/\/patenmat.com\/wp-content\/uploads\/2026\/01\/editing-2-audience-300x225.jpg 300w, https:\/\/patenmat.com\/wp-content\/uploads\/2026\/01\/editing-2-audience.jpg 1600w\" sizes=\"auto, (max-width: 1024px) 100vw, 1024px\" \/><\/figure>\n<\/div><\/div>\n\n\n\n<div class=\"wp-block-columns is-layout-flex wp-container-core-columns-is-layout-9380beb3 wp-block-columns-is-layout-flex\" style=\"margin-top:75px;margin-bottom:180px;padding-top:0;padding-right:0;padding-bottom:0;padding-left:0\"><\/div>\n\n\n\n<div class=\"wp-block-columns is-layout-flex wp-container-core-columns-is-layout-28f84493 wp-block-columns-is-layout-flex\">\n<div class=\"wp-block-column is-layout-flow wp-block-column-is-layout-flow\">\n<div class=\"wp-block-columns is-layout-flex wp-container-core-columns-is-layout-28f84493 wp-block-columns-is-layout-flex\">\n<div class=\"wp-block-column is-layout-flow wp-block-column-is-layout-flow\"><\/div>\n\n\n\n<div class=\"wp-block-column is-layout-flow wp-block-column-is-layout-flow\"><\/div>\n<\/div>\n<\/div>\n\n\n\n<div class=\"wp-block-column is-layout-flow wp-block-column-is-layout-flow\"><\/div>\n\n\n\n<div class=\"wp-block-column is-layout-flow wp-block-column-is-layout-flow\"><\/div>\n<\/div>\n<\/main>\n\n\n\n<p><\/p>\n","protected":false},"excerpt":{"rendered":"<p>Het maken van Buurman en Buurman is een nauwkeurig en tijdrovend proces. De serie wordt volledig gerealiseerd met stopmotion-animatie \u2013 een techniek waarbij stilstaande poppetjes telkens een fractie worden verplaatst en na elke verplaatsing een foto wordt gemaakt. Gemiddeld zijn er 23 tot 24 foto\u2019s nodig voor \u00e9\u00e9n seconde film, die samen de vloeiende beweging &hellip; <\/p>\n<p class=\"link-more\"><a href=\"https:\/\/patenmat.com\/index.php\/behind-the-scenes\/\" class=\"more-link\">Lees meer<span class=\"screen-reader-text\"> &#8220;Behind the scenes&#8221;<\/span><\/a><\/p>\n","protected":false},"author":1,"featured_media":0,"parent":0,"menu_order":2,"comment_status":"closed","ping_status":"closed","template":"","meta":{"_kadence_starter_templates_imported_post":false,"footnotes":""},"class_list":["post-311","page","type-page","status-publish","hentry"],"_links":{"self":[{"href":"https:\/\/patenmat.com\/index.php\/wp-json\/wp\/v2\/pages\/311","targetHints":{"allow":["GET"]}}],"collection":[{"href":"https:\/\/patenmat.com\/index.php\/wp-json\/wp\/v2\/pages"}],"about":[{"href":"https:\/\/patenmat.com\/index.php\/wp-json\/wp\/v2\/types\/page"}],"author":[{"embeddable":true,"href":"https:\/\/patenmat.com\/index.php\/wp-json\/wp\/v2\/users\/1"}],"replies":[{"embeddable":true,"href":"https:\/\/patenmat.com\/index.php\/wp-json\/wp\/v2\/comments?post=311"}],"version-history":[{"count":17,"href":"https:\/\/patenmat.com\/index.php\/wp-json\/wp\/v2\/pages\/311\/revisions"}],"predecessor-version":[{"id":519,"href":"https:\/\/patenmat.com\/index.php\/wp-json\/wp\/v2\/pages\/311\/revisions\/519"}],"wp:attachment":[{"href":"https:\/\/patenmat.com\/index.php\/wp-json\/wp\/v2\/media?parent=311"}],"curies":[{"name":"wp","href":"https:\/\/api.w.org\/{rel}","templated":true}]}}